{"id":38,"date":"2021-11-09T15:53:32","date_gmt":"2021-11-09T15:53:32","guid":{"rendered":"https:\/\/www.colegioabchillan.cl\/?page_id=38"},"modified":"2021-11-11T20:38:50","modified_gmt":"2021-11-11T20:38:50","slug":"quienes-somos","status":"publish","type":"page","link":"\/index.php\/quienes-somos\/","title":{"rendered":"QUIENES SOMOS"},"content":{"rendered":"\n<p><\/p>\n\n\n\n<p><\/p>\n\n\n\n<p><strong>IDENTIFICACI\u00d3N DEL ESTABLECIMIENTO<\/strong><\/p>\n\n\n\n<p><\/p>\n\n\n\n<p>El Establecimiento Educacional Andr\u00e9s bello, ubicado en calle Maip\u00f3n # 462 de la ciudad de Chill\u00e1n, reconocido oficialmente por resoluci\u00f3n exenta N\u00ba 1202 del 19 de junio del 2015 n\u00famero de solicitud 1347 rol Base de Datos 20395-5, abre sus puertas a j\u00f3venes y adultos de la Ciudad de Chill\u00e1n el 16 de marzo del a\u00f1o 2015 con 13 cursos distribuidos en jornada de ma\u00f1ana, tarde y noche.<\/p>\n\n\n\n<div style=\"height:50px\" aria-hidden=\"true\" class=\"wp-block-spacer\"><\/div>\n\n\n\n<p><\/p>\n\n\n\n<p>Este establecimiento educacional tiene como sostenedor al Se\u00f1or Gazy Gazale Clemente, asumiendo el rol de direcci\u00f3n a la Se\u00f1ora Marcela Parra Ramos, subdirector al Se\u00f1or Juan Pablo Hormaz\u00e1bal y jefa unidad t\u00e9cnico pedag\u00f3gica a la Se\u00f1ora Natalia Urra Avenda\u00f1o. Desde la fecha mencionada anteriormente, se imparten clases en tres jornadas, diurna, tarde y vespertina en primer y segundo nivel de ense\u00f1anza media, correspondiente a I y II medio &#8211; III y IV medio respectivamente.<\/p>\n\n\n\n<div style=\"height:50px\" aria-hidden=\"true\" class=\"wp-block-spacer\"><\/div>\n\n\n\n<p><\/p>\n\n\n\n<p><\/p>\n\n\n\n<p><strong>CEIA Andr\u00e9s Bello<\/strong> nace con la finalidad de brindar una oportunidad a aquellos j\u00f3venes y adultos que por diversos motivos desertaron del sistema escolar y que a\u00fan no han podido completar sus estudios.<\/p>\n\n\n\n<div style=\"height:75px\" aria-hidden=\"true\" class=\"wp-block-spacer\"><\/div>\n","protected":false},"excerpt":{"rendered":"<p>IDENTIFICACI\u00d3N DEL ESTABLECIMIENTO El Establecimiento Educacional Andr\u00e9s bello, ubicado en calle Maip\u00f3n # 462 de la ciudad de Chill\u00e1n, reconocido oficialmente por resoluci\u00f3n exenta N\u00ba 1202 del 19 de junio del 2015 n\u00famero de solicitud 1347 rol Base de Datos 20395-5, abre sus puertas a j\u00f3venes y adultos de la Ciudad de Chill\u00e1n el 16 [&hellip;]<\/p>\n","protected":false},"author":1,"featured_media":0,"parent":0,"menu_order":0,"comment_status":"closed","ping_status":"closed","template":"","meta":{"footnotes":""},"class_list":["post-38","page","type-page","status-publish","hentry"],"_links":{"self":[{"href":"\/index.php\/wp-json\/wp\/v2\/pages\/38","targetHints":{"allow":["GET"]}}],"collection":[{"href":"\/index.php\/wp-json\/wp\/v2\/pages"}],"about":[{"href":"\/index.php\/wp-json\/wp\/v2\/types\/page"}],"author":[{"embeddable":true,"href":"\/index.php\/wp-json\/wp\/v2\/users\/1"}],"replies":[{"embeddable":true,"href":"\/index.php\/wp-json\/wp\/v2\/comments?post=38"}],"version-history":[{"count":8,"href":"\/index.php\/wp-json\/wp\/v2\/pages\/38\/revisions"}],"predecessor-version":[{"id":50,"href":"\/index.php\/wp-json\/wp\/v2\/pages\/38\/revisions\/50"}],"wp:attachment":[{"href":"\/index.php\/wp-json\/wp\/v2\/media?parent=38"}],"curies":[{"name":"wp","href":"https:\/\/api.w.org\/{rel}","templated":true}]}}