{"id":36,"date":"2021-11-09T15:52:57","date_gmt":"2021-11-09T15:52:57","guid":{"rendered":"https:\/\/www.colegioabchillan.cl\/?page_id=36"},"modified":"2021-11-11T20:43:49","modified_gmt":"2021-11-11T20:43:49","slug":"nuestro-colegio","status":"publish","type":"page","link":"\/index.php\/nuestro-colegio\/","title":{"rendered":"NUESTRO COLEGIO"},"content":{"rendered":"\n<p>El colegio de Adultos Humanista-cient\u00edfico Andr\u00e9s Bello de la ciudad de Chill\u00e1n, constituye una alternativa para finalizar los estudios de educaci\u00f3n media de los j\u00f3venes y adultos de la ciudad y sus alrededores. Tiene como objetivo formar estudiantes integrales, fortalecidos tanto en el aspecto acad\u00e9mico como val\u00f3rico, estimulando la superaci\u00f3n personal y la convivencia social para integrarse en igualdad de condiciones, en diferentes \u00e1mbitos dentro de la sociedad.<\/p>\n\n\n\n<div style=\"height:35px\" aria-hidden=\"true\" class=\"wp-block-spacer\"><\/div>\n\n\n\n<p><strong><span class=\"has-inline-color has-vivid-red-color\">Visi\u00f3n<\/span><\/strong><\/p>\n\n\n\n<p>El centro de estudios integral Andr\u00e9s Bello se visualiza como una instituci\u00f3n que promueve la reinserci\u00f3n a la ense\u00f1anza media de la regi\u00f3n de \u00d1uble basados en la entrega de nuevas oportunidades de manera exitosa, entregando herramientas adecuadas a j\u00f3venes y adultos para formar personas con competencias y principios que les permitan integrarse en igualdad de condiciones en diferentes \u00e1mbitos, ya sea acad\u00e9mico o laboral, siendo actores de cambio dentro de su vida.<\/p>\n\n\n\n<p><strong>\u00a0<span class=\"has-inline-color has-vivid-red-color\">Misi\u00f3n<\/span><\/strong><\/p>\n\n\n\n<p>El centro de estudios integral de adultos Andr\u00e9s bello es una corporaci\u00f3n sin fines de lucro que tiene por misi\u00f3n entregar a sus estudiantes una s\u00f3lida formaci\u00f3n val\u00f3rica y una ense\u00f1anza acad\u00e9mica que les permita una mejora en las oportunidades y aspiraciones para su proyecto de vida acompa\u00f1ado de metodolog\u00edas que eviten la deserci\u00f3n escolar. Todo a trav\u00e9s de la implementaci\u00f3n de un proceso de ense\u00f1anza-aprendizaje formados en el respeto, confianza, valoraci\u00f3n de habilidades y fortalezas que permita generar procesos de manera inclusiva dentro del proceso de ense\u00f1anza.<\/p>\n\n\n\n<div style=\"height:40px\" aria-hidden=\"true\" class=\"wp-block-spacer\"><\/div>\n\n\n\n<p><strong><span class=\"has-inline-color has-vivid-red-color\">Sellos del Establecimiento<\/span><\/strong><\/p>\n\n\n\n<div style=\"height:25px\" aria-hidden=\"true\" class=\"wp-block-spacer\"><\/div>\n\n\n\n<p><strong><span class=\"has-inline-color has-vivid-red-color\">Inclusi\u00f3n:<\/span><\/strong> \u201c<em>Educaci\u00f3n de calidad con enfoques para todos los alumnos y alumnas Implementando estrategias did\u00e1cticas y redes de apoyo para atender a la diversidad de los estudiantes evitando la deserci\u00f3n, considerando los agentes de cambios del d\u00eda a d\u00eda\u201d.<\/em><\/p>\n\n\n\n<p><strong><span class=\"has-inline-color has-vivid-red-color\">Formaci\u00f3n integral:<\/span> <\/strong><em>\u201cEntregar una s\u00f3lida formaci\u00f3n permanente y participativa que busque potenciar \u00e1reas dentro de lo val\u00f3rico, acad\u00e9mico, emocional y social, en cada una de las dimensiones de una comunidad cambiante y el ser humano \u201d.<\/em><\/p>\n\n\n\n<div style=\"height:100px\" aria-hidden=\"true\" class=\"wp-block-spacer\"><\/div>\n","protected":false},"excerpt":{"rendered":"<p>El colegio de Adultos Humanista-cient\u00edfico Andr\u00e9s Bello de la ciudad de Chill\u00e1n, constituye una alternativa para finalizar los estudios de educaci\u00f3n media de los j\u00f3venes y adultos de la ciudad y sus alrededores. Tiene como objetivo formar estudiantes integrales, fortalecidos tanto en el aspecto acad\u00e9mico como val\u00f3rico, estimulando la superaci\u00f3n personal y la convivencia social [&hellip;]<\/p>\n","protected":false},"author":1,"featured_media":0,"parent":0,"menu_order":0,"comment_status":"closed","ping_status":"closed","template":"","meta":{"footnotes":""},"class_list":["post-36","page","type-page","status-publish","hentry"],"_links":{"self":[{"href":"\/index.php\/wp-json\/wp\/v2\/pages\/36","targetHints":{"allow":["GET"]}}],"collection":[{"href":"\/index.php\/wp-json\/wp\/v2\/pages"}],"about":[{"href":"\/index.php\/wp-json\/wp\/v2\/types\/page"}],"author":[{"embeddable":true,"href":"\/index.php\/wp-json\/wp\/v2\/users\/1"}],"replies":[{"embeddable":true,"href":"\/index.php\/wp-json\/wp\/v2\/comments?post=36"}],"version-history":[{"count":4,"href":"\/index.php\/wp-json\/wp\/v2\/pages\/36\/revisions"}],"predecessor-version":[{"id":54,"href":"\/index.php\/wp-json\/wp\/v2\/pages\/36\/revisions\/54"}],"wp:attachment":[{"href":"\/index.php\/wp-json\/wp\/v2\/media?parent=36"}],"curies":[{"name":"wp","href":"https:\/\/api.w.org\/{rel}","templated":true}]}}