{"id":23,"date":"2025-03-05T04:28:17","date_gmt":"2025-03-05T07:28:17","guid":{"rendered":"https:\/\/www.colegioabchillan.cl\/?page_id=23"},"modified":"2025-04-16T11:10:50","modified_gmt":"2025-04-16T15:10:50","slug":"nuestro-equipo","status":"publish","type":"page","link":"\/index.php\/nuestro-equipo\/","title":{"rendered":"NUESTRO EQUIPO"},"content":{"rendered":"<h3>\u00a0<\/h3>\n<h4 style=\"text-align: left;\">Detr\u00e1s de cada proyecto hay personas con pasi\u00f3n, talento y compromiso. En nuestro equipo reunimos a profesionales de diversas \u00e1reas que comparten una misma visi\u00f3n: crear soluciones innovadoras, funcionales y centradas en las personas. Nos motiva el trabajo colaborativo, el aprendizaje constante y el desaf\u00edo de superar expectativas. \u00a1Con\u00f3cenos y descubre c\u00f3mo podemos ayudarte!<\/h4>\n\n\n<div class=\"wp-block-group\"><div class=\"wp-block-group__inner-container is-layout-flow wp-block-group-is-layout-flow\">\n<div class=\"wp-block-columns is-layout-flex wp-container-core-columns-is-layout-9d6595d7 wp-block-columns-is-layout-flex\">\n<div class=\"wp-block-column is-vertically-aligned-top is-layout-flow wp-block-column-is-layout-flow\" style=\"flex-basis:100%\">\n<p><strong>Equipo Directivo<\/strong><\/p>\n<\/div>\n<\/div>\n<\/div><\/div>\n\n\n\n<div class=\"wp-block-group is-content-justification-center is-nowrap is-layout-flex wp-container-core-group-is-layout-94bc23d7 wp-block-group-is-layout-flex\">\n<div class=\"wp-block-group is-nowrap is-layout-flex wp-container-core-group-is-layout-ad2f72ca wp-block-group-is-layout-flex\">\n<div class=\"wp-block-group is-nowrap is-layout-flex wp-container-core-group-is-layout-ad2f72ca wp-block-group-is-layout-flex\">\n<div class=\"wp-block-media-text is-stacked-on-mobile is-vertically-aligned-center\" style=\"grid-template-columns:32% auto\"><figure class=\"wp-block-media-text__media\"><img loading=\"lazy\" decoding=\"async\" width=\"768\" height=\"1024\" src=\"https:\/\/www.colegioabchillan.cl\/wp-content\/uploads\/2025\/04\/IMG_1189-768x1024.jpg\" alt=\"Sra. Marcela Parra\" class=\"wp-image-121 size-full\" srcset=\"\/wp-content\/uploads\/2025\/04\/IMG_1189-768x1024.jpg 768w, \/wp-content\/uploads\/2025\/04\/IMG_1189-225x300.jpg 225w, \/wp-content\/uploads\/2025\/04\/IMG_1189-1152x1536.jpg 1152w, \/wp-content\/uploads\/2025\/04\/IMG_1189-1536x2048.jpg 1536w, \/wp-content\/uploads\/2025\/04\/IMG_1189-scaled.jpg 1920w\" sizes=\"auto, (max-width: 768px) 100vw, 768px\" \/><\/figure><div class=\"wp-block-media-text__content\">\n<p>Directora<\/p>\n<\/div><\/div>\n\n\n\n<div class=\"wp-block-media-text is-stacked-on-mobile\" style=\"grid-template-columns:32% auto\"><figure class=\"wp-block-media-text__media\"><img loading=\"lazy\" decoding=\"async\" width=\"768\" height=\"1024\" src=\"https:\/\/www.colegioabchillan.cl\/wp-content\/uploads\/2025\/04\/IMG_1177-768x1024.jpg\" alt=\"Juan Pablo Hormazabal Subdirector\" class=\"wp-image-116 size-full\" srcset=\"\/wp-content\/uploads\/2025\/04\/IMG_1177-768x1024.jpg 768w, \/wp-content\/uploads\/2025\/04\/IMG_1177-225x300.jpg 225w, \/wp-content\/uploads\/2025\/04\/IMG_1177-1152x1536.jpg 1152w, \/wp-content\/uploads\/2025\/04\/IMG_1177-1536x2048.jpg 1536w, \/wp-content\/uploads\/2025\/04\/IMG_1177-scaled.jpg 1920w\" sizes=\"auto, (max-width: 768px) 100vw, 768px\" \/><\/figure><div class=\"wp-block-media-text__content\">\n<p>Subdirector<\/p>\n<\/div><\/div>\n<\/div>\n<\/div>\n<\/div>\n\n\n\n<div class=\"wp-block-group is-nowrap is-layout-flex wp-container-core-group-is-layout-ad2f72ca wp-block-group-is-layout-flex\">\n<div class=\"wp-block-group is-nowrap is-layout-flex wp-container-core-group-is-layout-ad2f72ca wp-block-group-is-layout-flex\">\n<div class=\"wp-block-group is-nowrap is-layout-flex wp-container-core-group-is-layout-ad2f72ca wp-block-group-is-layout-flex\">\n<div class=\"wp-block-group is-nowrap is-layout-flex wp-container-core-group-is-layout-ad2f72ca wp-block-group-is-layout-flex\">\n<div class=\"wp-block-media-text is-stacked-on-mobile is-vertically-aligned-center\" style=\"grid-template-columns:33% auto\"><figure class=\"wp-block-media-text__media\"><img loading=\"lazy\" decoding=\"async\" width=\"768\" height=\"1024\" src=\"https:\/\/www.colegioabchillan.cl\/wp-content\/uploads\/2025\/04\/IMG_1191-768x1024.jpg\" alt=\"\" class=\"wp-image-127 size-full\" srcset=\"\/wp-content\/uploads\/2025\/04\/IMG_1191-768x1024.jpg 768w, \/wp-content\/uploads\/2025\/04\/IMG_1191-225x300.jpg 225w, \/wp-content\/uploads\/2025\/04\/IMG_1191-1152x1536.jpg 1152w, \/wp-content\/uploads\/2025\/04\/IMG_1191-1536x2048.jpg 1536w, \/wp-content\/uploads\/2025\/04\/IMG_1191-scaled.jpg 1920w\" sizes=\"auto, (max-width: 768px) 100vw, 768px\" \/><\/figure><div class=\"wp-block-media-text__content\">\n<p>Encargada de Relaciones P\u00fablicas<\/p>\n<\/div><\/div>\n\n\n\n<div class=\"wp-block-media-text is-stacked-on-mobile is-vertically-aligned-center\" style=\"grid-template-columns:32% auto\"><figure class=\"wp-block-media-text__media\"><img loading=\"lazy\" decoding=\"async\" width=\"768\" height=\"1024\" src=\"https:\/\/www.colegioabchillan.cl\/wp-content\/uploads\/2025\/04\/IMG_1164-768x1024.jpg\" alt=\"\" class=\"wp-image-111 size-full\" srcset=\"\/wp-content\/uploads\/2025\/04\/IMG_1164-768x1024.jpg 768w, \/wp-content\/uploads\/2025\/04\/IMG_1164-225x300.jpg 225w, \/wp-content\/uploads\/2025\/04\/IMG_1164-1152x1536.jpg 1152w, \/wp-content\/uploads\/2025\/04\/IMG_1164-1536x2048.jpg 1536w, \/wp-content\/uploads\/2025\/04\/IMG_1164-scaled.jpg 1920w\" sizes=\"auto, (max-width: 768px) 100vw, 768px\" \/><\/figure><div class=\"wp-block-media-text__content\">\n<p>Encargado de Convivencia Escolar<\/p>\n<\/div><\/div>\n<\/div>\n<\/div>\n<\/div>\n<\/div>\n\n\n\n<div class=\"wp-block-group is-nowrap is-layout-flex wp-container-core-group-is-layout-ad2f72ca wp-block-group-is-layout-flex\">\n<div class=\"wp-block-group is-nowrap is-layout-flex wp-container-core-group-is-layout-ad2f72ca wp-block-group-is-layout-flex\">\n<div class=\"wp-block-media-text is-stacked-on-mobile is-vertically-aligned-center\" style=\"grid-template-columns:16% auto\"><figure class=\"wp-block-media-text__media\"><img loading=\"lazy\" decoding=\"async\" width=\"768\" height=\"1024\" src=\"https:\/\/www.colegioabchillan.cl\/wp-content\/uploads\/2025\/04\/IMG_1174-768x1024.jpg\" alt=\"\" class=\"wp-image-114 size-full\" srcset=\"\/wp-content\/uploads\/2025\/04\/IMG_1174-768x1024.jpg 768w, \/wp-content\/uploads\/2025\/04\/IMG_1174-225x300.jpg 225w, \/wp-content\/uploads\/2025\/04\/IMG_1174-1152x1536.jpg 1152w, \/wp-content\/uploads\/2025\/04\/IMG_1174-1536x2048.jpg 1536w, \/wp-content\/uploads\/2025\/04\/IMG_1174-scaled.jpg 1920w\" sizes=\"auto, (max-width: 768px) 100vw, 768px\" \/><\/figure><div class=\"wp-block-media-text__content\">\n<p>Coordinadora Programa de Integraci\u00f3n Escolar (PIE)<\/p>\n<\/div><\/div>\n<\/div>\n\n\n\n<div class=\"wp-block-group is-nowrap is-layout-flex wp-container-core-group-is-layout-ad2f72ca wp-block-group-is-layout-flex\">\n<div class=\"wp-block-group is-nowrap is-layout-flex wp-container-core-group-is-layout-ad2f72ca wp-block-group-is-layout-flex\">\n<div class=\"wp-block-group is-nowrap is-layout-flex wp-container-core-group-is-layout-ad2f72ca wp-block-group-is-layout-flex\"><\/div>\n<\/div>\n<\/div>\n<\/div>\n\n\n\n<p><br><strong>Equipo PIE<\/strong><\/p>\n\n\n\n<div class=\"wp-block-group is-nowrap is-layout-flex wp-container-core-group-is-layout-ad2f72ca wp-block-group-is-layout-flex\">\n<div class=\"wp-block-group is-nowrap is-layout-flex wp-container-core-group-is-layout-ad2f72ca wp-block-group-is-layout-flex\">\n<div class=\"wp-block-media-text is-stacked-on-mobile is-vertically-aligned-center\" style=\"grid-template-columns:32% auto\"><figure class=\"wp-block-media-text__media\"><img loading=\"lazy\" decoding=\"async\" width=\"768\" height=\"1024\" src=\"https:\/\/www.colegioabchillan.cl\/wp-content\/uploads\/2025\/04\/IMG_1170-768x1024.jpg\" alt=\"\" class=\"wp-image-112 size-full\" srcset=\"\/wp-content\/uploads\/2025\/04\/IMG_1170-768x1024.jpg 768w, \/wp-content\/uploads\/2025\/04\/IMG_1170-225x300.jpg 225w, \/wp-content\/uploads\/2025\/04\/IMG_1170-1152x1536.jpg 1152w, \/wp-content\/uploads\/2025\/04\/IMG_1170-1536x2048.jpg 1536w, \/wp-content\/uploads\/2025\/04\/IMG_1170-scaled.jpg 1920w\" sizes=\"auto, (max-width: 768px) 100vw, 768px\" \/><\/figure><div class=\"wp-block-media-text__content\">\n<p>Educadora Diferencial<\/p>\n<\/div><\/div>\n\n\n\n<div class=\"wp-block-media-text is-stacked-on-mobile is-vertically-aligned-center\" style=\"grid-template-columns:36% auto\"><figure class=\"wp-block-media-text__media\"><img loading=\"lazy\" decoding=\"async\" width=\"768\" height=\"1024\" src=\"https:\/\/www.colegioabchillan.cl\/wp-content\/uploads\/2025\/04\/IMG_1161-768x1024.jpg\" alt=\"\" class=\"wp-image-109 size-full\" srcset=\"\/wp-content\/uploads\/2025\/04\/IMG_1161-768x1024.jpg 768w, \/wp-content\/uploads\/2025\/04\/IMG_1161-225x300.jpg 225w, \/wp-content\/uploads\/2025\/04\/IMG_1161-1152x1536.jpg 1152w, \/wp-content\/uploads\/2025\/04\/IMG_1161-1536x2048.jpg 1536w, \/wp-content\/uploads\/2025\/04\/IMG_1161-scaled.jpg 1920w\" sizes=\"auto, (max-width: 768px) 100vw, 768px\" \/><\/figure><div class=\"wp-block-media-text__content\">\n<p>Psic\u00f3logo<\/p>\n<\/div><\/div>\n<\/div>\n<\/div>\n\n\n\n<div class=\"wp-block-media-text is-stacked-on-mobile\" style=\"grid-template-columns:17% auto\"><figure class=\"wp-block-media-text__media\"><img loading=\"lazy\" decoding=\"async\" width=\"768\" height=\"1024\" src=\"https:\/\/www.colegioabchillan.cl\/wp-content\/uploads\/2025\/04\/IMG_1172-768x1024.jpg\" alt=\"\" class=\"wp-image-128 size-full\" srcset=\"\/wp-content\/uploads\/2025\/04\/IMG_1172-768x1024.jpg 768w, \/wp-content\/uploads\/2025\/04\/IMG_1172-225x300.jpg 225w, \/wp-content\/uploads\/2025\/04\/IMG_1172-1152x1536.jpg 1152w, \/wp-content\/uploads\/2025\/04\/IMG_1172-1536x2048.jpg 1536w, \/wp-content\/uploads\/2025\/04\/IMG_1172-scaled.jpg 1920w\" sizes=\"auto, (max-width: 768px) 100vw, 768px\" \/><\/figure><div class=\"wp-block-media-text__content\">\n<p>Trabajadora Social<\/p>\n<\/div><\/div>\n\n\n\n<p><br><strong>Equipo Docente<\/strong><\/p>\n\n\n\n<div class=\"wp-block-group is-nowrap is-layout-flex wp-container-core-group-is-layout-ad2f72ca wp-block-group-is-layout-flex\">\n<div class=\"wp-block-media-text is-stacked-on-mobile\" style=\"grid-template-columns:33% auto\"><figure class=\"wp-block-media-text__media\"><img loading=\"lazy\" decoding=\"async\" width=\"768\" height=\"1024\" src=\"https:\/\/www.colegioabchillan.cl\/wp-content\/uploads\/2025\/04\/IMG_1180-768x1024.jpg\" alt=\"\" class=\"wp-image-118 size-full\" srcset=\"\/wp-content\/uploads\/2025\/04\/IMG_1180-768x1024.jpg 768w, \/wp-content\/uploads\/2025\/04\/IMG_1180-225x300.jpg 225w, \/wp-content\/uploads\/2025\/04\/IMG_1180-1152x1536.jpg 1152w, \/wp-content\/uploads\/2025\/04\/IMG_1180-1536x2048.jpg 1536w, \/wp-content\/uploads\/2025\/04\/IMG_1180-scaled.jpg 1920w\" sizes=\"auto, (max-width: 768px) 100vw, 768px\" \/><\/figure><div class=\"wp-block-media-text__content\">\n<p>Profesora de Lenguaje y Comunicaci\u00f3n<\/p>\n<\/div><\/div>\n\n\n\n<div class=\"wp-block-media-text is-stacked-on-mobile\" style=\"grid-template-columns:33% auto\"><figure class=\"wp-block-media-text__media\"><img loading=\"lazy\" decoding=\"async\" width=\"768\" height=\"1024\" src=\"https:\/\/www.colegioabchillan.cl\/wp-content\/uploads\/2025\/04\/IMG_1179-768x1024.jpg\" alt=\"\" class=\"wp-image-117 size-full\" srcset=\"\/wp-content\/uploads\/2025\/04\/IMG_1179-768x1024.jpg 768w, \/wp-content\/uploads\/2025\/04\/IMG_1179-225x300.jpg 225w, \/wp-content\/uploads\/2025\/04\/IMG_1179-1152x1536.jpg 1152w, \/wp-content\/uploads\/2025\/04\/IMG_1179-1536x2048.jpg 1536w, \/wp-content\/uploads\/2025\/04\/IMG_1179-scaled.jpg 1920w\" sizes=\"auto, (max-width: 768px) 100vw, 768px\" \/><\/figure><div class=\"wp-block-media-text__content\">\n<p>Profesora de Lenguaje y Comunicaci\u00f3n<\/p>\n<\/div><\/div>\n<\/div>\n\n\n\n<div class=\"wp-block-group is-nowrap is-layout-flex wp-container-core-group-is-layout-ad2f72ca wp-block-group-is-layout-flex\">\n<div class=\"wp-block-media-text is-stacked-on-mobile\" style=\"grid-template-columns:33% auto\"><figure class=\"wp-block-media-text__media\"><img loading=\"lazy\" decoding=\"async\" width=\"768\" height=\"1024\" src=\"https:\/\/www.colegioabchillan.cl\/wp-content\/uploads\/2025\/04\/IMG_1162-768x1024.jpg\" alt=\"\" class=\"wp-image-110 size-full\" srcset=\"\/wp-content\/uploads\/2025\/04\/IMG_1162-768x1024.jpg 768w, \/wp-content\/uploads\/2025\/04\/IMG_1162-225x300.jpg 225w, \/wp-content\/uploads\/2025\/04\/IMG_1162-1152x1536.jpg 1152w, \/wp-content\/uploads\/2025\/04\/IMG_1162-1536x2048.jpg 1536w, \/wp-content\/uploads\/2025\/04\/IMG_1162-scaled.jpg 1920w\" sizes=\"auto, (max-width: 768px) 100vw, 768px\" \/><\/figure><div class=\"wp-block-media-text__content\">\n<p>Profesora de Ingl\u00e9s<\/p>\n<\/div><\/div>\n\n\n\n<div class=\"wp-block-media-text is-stacked-on-mobile\" style=\"grid-template-columns:33% auto\"><figure class=\"wp-block-media-text__media\"><img loading=\"lazy\" decoding=\"async\" width=\"768\" height=\"1024\" src=\"https:\/\/www.colegioabchillan.cl\/wp-content\/uploads\/2025\/04\/IMG_1188-768x1024.jpg\" alt=\"\" class=\"wp-image-129 size-full\" srcset=\"\/wp-content\/uploads\/2025\/04\/IMG_1188-768x1024.jpg 768w, \/wp-content\/uploads\/2025\/04\/IMG_1188-225x300.jpg 225w, \/wp-content\/uploads\/2025\/04\/IMG_1188-1152x1536.jpg 1152w, \/wp-content\/uploads\/2025\/04\/IMG_1188-1536x2048.jpg 1536w, \/wp-content\/uploads\/2025\/04\/IMG_1188-scaled.jpg 1920w\" sizes=\"auto, (max-width: 768px) 100vw, 768px\" \/><\/figure><div class=\"wp-block-media-text__content\">\n<p>Profesor de Ingl\u00e9s<\/p>\n<\/div><\/div>\n<\/div>\n\n\n\n<div class=\"wp-block-group is-nowrap is-layout-flex wp-container-core-group-is-layout-ad2f72ca wp-block-group-is-layout-flex\">\n<div class=\"wp-block-media-text is-stacked-on-mobile\" style=\"grid-template-columns:33% auto\"><figure class=\"wp-block-media-text__media\"><img loading=\"lazy\" decoding=\"async\" width=\"768\" height=\"1024\" src=\"https:\/\/www.colegioabchillan.cl\/wp-content\/uploads\/2025\/04\/IMG_1171-768x1024.jpg\" alt=\"\" class=\"wp-image-113 size-full\" srcset=\"\/wp-content\/uploads\/2025\/04\/IMG_1171-768x1024.jpg 768w, \/wp-content\/uploads\/2025\/04\/IMG_1171-225x300.jpg 225w, \/wp-content\/uploads\/2025\/04\/IMG_1171-1152x1536.jpg 1152w, \/wp-content\/uploads\/2025\/04\/IMG_1171-1536x2048.jpg 1536w, \/wp-content\/uploads\/2025\/04\/IMG_1171-scaled.jpg 1920w\" sizes=\"auto, (max-width: 768px) 100vw, 768px\" \/><\/figure><div class=\"wp-block-media-text__content\">\n<p>Profesor de Historia y Geograf\u00eda<\/p>\n<\/div><\/div>\n\n\n\n<div class=\"wp-block-media-text is-stacked-on-mobile\" style=\"grid-template-columns:33% auto\"><figure class=\"wp-block-media-text__media\"><img loading=\"lazy\" decoding=\"async\" width=\"768\" height=\"1024\" src=\"https:\/\/www.colegioabchillan.cl\/wp-content\/uploads\/2025\/04\/IMG_1185-768x1024.jpg\" alt=\"\" class=\"wp-image-120 size-full\" srcset=\"\/wp-content\/uploads\/2025\/04\/IMG_1185-768x1024.jpg 768w, \/wp-content\/uploads\/2025\/04\/IMG_1185-225x300.jpg 225w, \/wp-content\/uploads\/2025\/04\/IMG_1185-1152x1536.jpg 1152w, \/wp-content\/uploads\/2025\/04\/IMG_1185-1536x2048.jpg 1536w, \/wp-content\/uploads\/2025\/04\/IMG_1185-scaled.jpg 1920w\" sizes=\"auto, (max-width: 768px) 100vw, 768px\" \/><\/figure><div class=\"wp-block-media-text__content\">\n<p>Profesor de Ciencias<\/p>\n<\/div><\/div>\n<\/div>\n\n\n\n<p><br><strong>Equipo de Inspector\u00eda<\/strong><\/p>\n\n\n\n<div class=\"wp-block-group is-nowrap is-layout-flex wp-container-core-group-is-layout-ad2f72ca wp-block-group-is-layout-flex\">\n<div class=\"wp-block-media-text is-stacked-on-mobile\" style=\"grid-template-columns:33% auto\"><figure class=\"wp-block-media-text__media\"><img loading=\"lazy\" decoding=\"async\" width=\"768\" height=\"1024\" src=\"https:\/\/www.colegioabchillan.cl\/wp-content\/uploads\/2025\/04\/IMG_1182-768x1024.jpg\" alt=\"\" class=\"wp-image-119 size-full\" srcset=\"\/wp-content\/uploads\/2025\/04\/IMG_1182-768x1024.jpg 768w, \/wp-content\/uploads\/2025\/04\/IMG_1182-225x300.jpg 225w, \/wp-content\/uploads\/2025\/04\/IMG_1182-1152x1536.jpg 1152w, \/wp-content\/uploads\/2025\/04\/IMG_1182-1536x2048.jpg 1536w, \/wp-content\/uploads\/2025\/04\/IMG_1182-scaled.jpg 1920w\" sizes=\"auto, (max-width: 768px) 100vw, 768px\" \/><\/figure><div class=\"wp-block-media-text__content\">\n<p>Inspectora<\/p>\n<\/div><\/div>\n\n\n\n<div class=\"wp-block-media-text is-stacked-on-mobile\" style=\"grid-template-columns:33% auto\"><figure class=\"wp-block-media-text__media\"><img loading=\"lazy\" decoding=\"async\" width=\"768\" height=\"1024\" src=\"https:\/\/www.colegioabchillan.cl\/wp-content\/uploads\/2025\/04\/IMG_1175-768x1024.jpg\" alt=\"\" class=\"wp-image-115 size-full\" srcset=\"\/wp-content\/uploads\/2025\/04\/IMG_1175-768x1024.jpg 768w, \/wp-content\/uploads\/2025\/04\/IMG_1175-225x300.jpg 225w, \/wp-content\/uploads\/2025\/04\/IMG_1175-1152x1536.jpg 1152w, \/wp-content\/uploads\/2025\/04\/IMG_1175-1536x2048.jpg 1536w, \/wp-content\/uploads\/2025\/04\/IMG_1175-scaled.jpg 1920w\" sizes=\"auto, (max-width: 768px) 100vw, 768px\" \/><\/figure><div class=\"wp-block-media-text__content\">\n<p>Inspector<\/p>\n<\/div><\/div>\n<\/div>\n","protected":false},"excerpt":{"rendered":"<p>\u00a0 Detr\u00e1s de cada proyecto hay personas con pasi\u00f3n, talento y compromiso. En nuestro equipo reunimos a profesionales de diversas \u00e1reas que comparten una misma visi\u00f3n: crear soluciones innovadoras, funcionales y centradas en las personas. Nos motiva el trabajo colaborativo, el aprendizaje constante y el desaf\u00edo de superar expectativas. \u00a1Con\u00f3cenos y descubre c\u00f3mo podemos ayudarte! [&hellip;]<\/p>\n","protected":false},"author":1,"featured_media":0,"parent":0,"menu_order":0,"comment_status":"closed","ping_status":"closed","template":"","meta":{"footnotes":""},"class_list":["post-23","page","type-page","status-publish","hentry"],"_links":{"self":[{"href":"\/index.php\/wp-json\/wp\/v2\/pages\/23","targetHints":{"allow":["GET"]}}],"collection":[{"href":"\/index.php\/wp-json\/wp\/v2\/pages"}],"about":[{"href":"\/index.php\/wp-json\/wp\/v2\/types\/page"}],"author":[{"embeddable":true,"href":"\/index.php\/wp-json\/wp\/v2\/users\/1"}],"replies":[{"embeddable":true,"href":"\/index.php\/wp-json\/wp\/v2\/comments?post=23"}],"version-history":[{"count":27,"href":"\/index.php\/wp-json\/wp\/v2\/pages\/23\/revisions"}],"predecessor-version":[{"id":152,"href":"\/index.php\/wp-json\/wp\/v2\/pages\/23\/revisions\/152"}],"wp:attachment":[{"href":"\/index.php\/wp-json\/wp\/v2\/media?parent=23"}],"curies":[{"name":"wp","href":"https:\/\/api.w.org\/{rel}","templated":true}]}}